{"id":4608,"date":"2022-02-27T12:25:53","date_gmt":"2022-02-27T12:25:53","guid":{"rendered":"https:\/\/saludcoaching.com\/?page_id=4608"},"modified":"2026-03-27T14:31:34","modified_gmt":"2026-03-27T14:31:34","slug":"coach-apollinaire","status":"publish","type":"page","link":"https:\/\/saludcoaching.com\/?page_id=4608","title":{"rendered":"Quien soy"},"content":{"rendered":"\t\t<div data-elementor-type=\"wp-page\" data-elementor-id=\"4608\" class=\"elementor elementor-4608\" data-elementor-settings=\"{&quot;ha_cmc_init_switcher&quot;:&quot;no&quot;}\">\n\t\t\t\t<div class=\"elementor-element elementor-element-91edb98 e-flex e-con-boxed wpr-particle-no wpr-jarallax-no wpr-parallax-no wpr-sticky-section-no wpr-column-slider-no wpr-equal-height-no e-con e-parent\" data-id=\"91edb98\" data-element_type=\"container\" data-settings=\"{&quot;_ha_eqh_enable&quot;:false}\">\n\t\t\t\t\t<div class=\"e-con-inner\">\n\t\t\t\t<div class=\"elementor-element elementor-element-005bd35 title-span elementor-widget elementor-widget-heading\" data-id=\"005bd35\" data-element_type=\"widget\" data-widget_type=\"heading.default\">\n\t\t\t\t\t<h2 class=\"elementor-heading-title elementor-size-default\">Coach Dr. Apollinaire.  \u00bfQuien soy?<\/h2>\t\t\t\t<\/div>\n\t\t\t\t<div class=\"elementor-element elementor-element-ccd0f1d elementor-widget elementor-widget-image\" data-id=\"ccd0f1d\" data-element_type=\"widget\" data-widget_type=\"image.default\">\n\t\t\t\t\t\t\t\t\t\t\t\t\t\t\t<img fetchpriority=\"high\" decoding=\"async\" width=\"1024\" height=\"683\" src=\"https:\/\/saludcoaching.com\/wp-content\/uploads\/2026\/02\/Coaching-online-4-1024x683.jpg\" class=\"attachment-large size-large wp-image-4378\" alt=\"\" srcset=\"https:\/\/saludcoaching.com\/wp-content\/uploads\/2026\/02\/Coaching-online-4-1024x683.jpg 1024w, https:\/\/saludcoaching.com\/wp-content\/uploads\/2026\/02\/Coaching-online-4-300x200.jpg 300w, https:\/\/saludcoaching.com\/wp-content\/uploads\/2026\/02\/Coaching-online-4-768x512.jpg 768w, https:\/\/saludcoaching.com\/wp-content\/uploads\/2026\/02\/Coaching-online-4.jpg 1344w\" sizes=\"(max-width: 1024px) 100vw, 1024px\" \/>\t\t\t\t\t\t\t\t\t\t\t\t\t\t\t<\/div>\n\t\t\t\t<div class=\"elementor-element elementor-element-7789fd3 elementor-widget elementor-widget-text-editor\" data-id=\"7789fd3\" data-element_type=\"widget\" data-widget_type=\"text-editor.default\">\n\t\t\t\t\t\t\t\t\t<p data-path-to-node=\"5\"><b data-path-to-node=\"5\" data-index-in-node=\"0\">Health Coach de alta especializaci\u00f3n<\/b> con una trayectoria de m\u00e1s de 30 a\u00f1os en el sector del bienestar. Mi propuesta de valor se diferencia por la <b data-path-to-node=\"5\" data-index-in-node=\"146\">fusi\u00f3n estrat\u00e9gica entre la medicina alternativa y las metodolog\u00edas avanzadas de coaching sanitario<\/b>. Formo parte de un grupo exclusivo de profesionales capaces de abordar la salud desde una perspectiva 360\u00b0: cl\u00ednica, emocional y nutricional.<\/p><p data-path-to-node=\"6\"><b data-path-to-node=\"6\" data-index-in-node=\"0\">Autor de m\u00e1s de 100 obras<\/b> publicadas en Amazon sobre salud natural y nutrici\u00f3n, incluyendo el <i data-path-to-node=\"6\" data-index-in-node=\"94\">bestseller<\/i> internacional <i data-path-to-node=\"6\" data-index-in-node=\"119\">\u00abMassage psychosomatique ayurv\u00e9dique\u00bb<\/i>. Mi enfoque combina el rigor acad\u00e9mico universitario con t\u00e9cnicas milenarias para potenciar el rendimiento f\u00edsico y mental de mis clientes.<\/p><h3 data-path-to-node=\"8\"><b data-path-to-node=\"8\" data-index-in-node=\"0\">Propuesta y ventajas de colaboraci\u00f3n<\/b><\/h3><ul data-path-to-node=\"9\"><li><p data-path-to-node=\"9,0,0\"><b data-path-to-node=\"9,0,0\" data-index-in-node=\"0\">Enfoque Integrativo \u00danico:<\/b> Sinergia entre medicina hol\u00edstica, homeopat\u00eda y coaching nutricional para resultados sostenibles.<\/p><\/li><li><p data-path-to-node=\"9,1,0\"><b data-path-to-node=\"9,1,0\" data-index-in-node=\"0\">Especialista en Cambio de H\u00e1bitos:<\/b> Experto en Inteligencia Emocional y Patolog\u00edas Alimentarias para tratar el origen psicol\u00f3gico de los problemas de salud.<\/p><\/li><li><p data-path-to-node=\"9,2,0\"><b data-path-to-node=\"9,2,0\" data-index-in-node=\"0\">Actualizaci\u00f3n Cient\u00edfica:<\/b> Formaci\u00f3n continua en Neuropsicolog\u00eda Cl\u00ednica y Antiaging para aplicar las \u00faltimas tendencias en longevidad.<\/p><\/li><li><p data-path-to-node=\"9,3,0\"><b data-path-to-node=\"9,3,0\" data-index-in-node=\"0\">Metodolog\u00eda Multidisciplinar:<\/b> Capacidad para liderar equipos y procesos de mentor\u00eda gracias a certificaciones en Coaching de Equipos.<\/p><\/li><\/ul><h3 data-path-to-node=\"11\"><b data-path-to-node=\"11\" data-index-in-node=\"0\">Formaci\u00f3n acad\u00e9mica<\/b><\/h3><ul data-path-to-node=\"12\"><li><p data-path-to-node=\"12,0,0\"><b data-path-to-node=\"12,0,0\" data-index-in-node=\"0\">Certification en Health Coaching<\/b> | Universidad Complutense de Madrid (2025).<\/p><\/li><li><p data-path-to-node=\"12,1,0\"><b data-path-to-node=\"12,1,0\" data-index-in-node=\"0\">Curso Profesional de Coaching de Equipos y Mentoring<\/b> (2025).<\/p><\/li><li><p data-path-to-node=\"12,2,0\"><b data-path-to-node=\"12,2,0\" data-index-in-node=\"0\">Especialista Universitario en Coaching e Inteligencia Emocional<\/b> | Universidad Europea Miguel de Cervantes (2022).<\/p><\/li><li><p data-path-to-node=\"12,3,0\"><b data-path-to-node=\"12,3,0\" data-index-in-node=\"0\">Especializaci\u00f3n Universitaria en Coaching de Salud<\/b> | UEMC (2021).<\/p><\/li><li><p data-path-to-node=\"12,4,0\"><b data-path-to-node=\"12,4,0\" data-index-in-node=\"0\">Especialista Universitario en Antiaging<\/b> | UEMC.<\/p><\/li><li><p data-path-to-node=\"12,5,0\"><b data-path-to-node=\"12,5,0\" data-index-in-node=\"0\">Expert Universitaire en Pathologies Alimentaires<\/b> | Universidad de C\u00e1diz (UCA).<\/p><\/li><li><p data-path-to-node=\"12,6,0\"><b data-path-to-node=\"12,6,0\" data-index-in-node=\"0\">Expert Universitaire en Homeopat\u00eda<\/b> | Universidad de Le\u00f3n (2011).<\/p><\/li><li><p data-path-to-node=\"12,7,0\"><b data-path-to-node=\"12,7,0\" data-index-in-node=\"0\">Docteur en M\u00e9decine Alternative<\/b> | OIUCM (1995).<\/p><\/li><\/ul><h3 data-path-to-node=\"14\"><b data-path-to-node=\"14\" data-index-in-node=\"0\">Especializaciones y certificaciones<\/b><\/h3><ul data-path-to-node=\"15\"><li><p data-path-to-node=\"15,0,0\"><b data-path-to-node=\"15,0,0\" data-index-in-node=\"0\">Neuropsicolog\u00eda Cl\u00ednica<\/b> (En curso).<\/p><\/li><li><p data-path-to-node=\"15,1,0\"><b data-path-to-node=\"15,1,0\" data-index-in-node=\"0\">Certificaci\u00f3n en Coaching Nutricional.<\/b><\/p><\/li><li><p data-path-to-node=\"15,2,0\"><b data-path-to-node=\"15,2,0\" data-index-in-node=\"0\">Formaci\u00f3n en Coaching Sanitario y Educativo.<\/b><\/p><\/li><li><p data-path-to-node=\"15,3,0\"><b data-path-to-node=\"15,3,0\" data-index-in-node=\"0\">Musicoterapia<\/b> | Fundaci\u00f3n Verbum.<\/p><\/li><li><p data-path-to-node=\"15,4,0\"><b data-path-to-node=\"15,4,0\" data-index-in-node=\"0\">Masaje Ayurveda<\/b> | Chakrapani Ayurveda Clinic, India.<\/p><\/li><\/ul><h3 data-path-to-node=\"17\"><b data-path-to-node=\"17\" data-index-in-node=\"0\">Hitos y publicaciones<\/b><\/h3><ul data-path-to-node=\"18\"><li><p data-path-to-node=\"18,0,0\"><b data-path-to-node=\"18,0,0\" data-index-in-node=\"0\">Escritor de \u00c9xito:<\/b> Autor de m\u00e1s de 100 libros enfocados en medicina natural, ayurveda y salud emocional.<\/p><\/li><li><p data-path-to-node=\"18,1,0\"><b data-path-to-node=\"18,1,0\" data-index-in-node=\"0\">Bestseller Internacional:<\/b> <i data-path-to-node=\"18,1,0\" data-index-in-node=\"26\">\u00abMassage psychosomatique ayurv\u00e9dique\u00bb<\/i>, referente en la integraci\u00f3n de cuerpo y mente.<\/p><\/li><\/ul>\t\t\t\t\t\t\t\t<\/div>\n\t\t\t\t\t<\/div>\n\t\t\t\t<\/div>\n\t\t\t\t<\/div>\n\t\t","protected":false},"excerpt":{"rendered":"<p>Coach Dr. Apollinaire. \u00bfQuien soy? Health Coach de alta especializaci\u00f3n con una trayectoria de m\u00e1s de 30 a\u00f1os en el sector del bienestar. Mi propuesta de valor se diferencia por la fusi\u00f3n estrat\u00e9gica entre la medicina alternativa y las metodolog\u00edas avanzadas de coaching sanitario. Formo parte de un grupo exclusivo de profesionales capaces de abordar la salud desde una perspectiva 360\u00b0: cl\u00ednica, emocional y nutricional. Autor de m\u00e1s de 100 obras publicadas en Amazon sobre salud natural y nutrici\u00f3n, incluyendo el bestseller internacional \u00abMassage psychosomatique ayurv\u00e9dique\u00bb. Mi enfoque combina el rigor acad\u00e9mico universitario con t\u00e9cnicas milenarias para potenciar el rendimiento f\u00edsico y mental de mis clientes. Propuesta y ventajas de colaboraci\u00f3n Enfoque Integrativo \u00danico: Sinergia entre medicina hol\u00edstica, homeopat\u00eda y coaching nutricional para resultados sostenibles. Especialista en Cambio de H\u00e1bitos: Experto en Inteligencia Emocional y Patolog\u00edas Alimentarias para tratar el origen psicol\u00f3gico de los problemas de salud. Actualizaci\u00f3n Cient\u00edfica: Formaci\u00f3n continua en Neuropsicolog\u00eda Cl\u00ednica y Antiaging para aplicar las \u00faltimas tendencias en longevidad. Metodolog\u00eda Multidisciplinar: Capacidad para liderar equipos y procesos de mentor\u00eda gracias a certificaciones en Coaching de Equipos. Formaci\u00f3n acad\u00e9mica Certification en Health Coaching | Universidad Complutense de Madrid (2025). Curso Profesional de Coaching de Equipos y Mentoring (2025). Especialista Universitario en Coaching e Inteligencia Emocional | Universidad Europea Miguel de Cervantes (2022). Especializaci\u00f3n Universitaria en Coaching de Salud | UEMC (2021). Especialista Universitario en Antiaging | UEMC. Expert Universitaire en Pathologies Alimentaires | Universidad de C\u00e1diz (UCA). Expert Universitaire en Homeopat\u00eda | Universidad de Le\u00f3n (2011). Docteur en M\u00e9decine Alternative | OIUCM (1995). Especializaciones y certificaciones Neuropsicolog\u00eda Cl\u00ednica (En curso). Certificaci\u00f3n en Coaching Nutricional. Formaci\u00f3n en Coaching Sanitario y Educativo. Musicoterapia | Fundaci\u00f3n Verbum. Masaje Ayurveda | Chakrapani Ayurveda Clinic, India. Hitos y publicaciones Escritor de \u00c9xito: Autor de m\u00e1s de 100 libros enfocados en medicina natural, ayurveda y salud emocional. Bestseller Internacional: \u00abMassage psychosomatique ayurv\u00e9dique\u00bb, referente en la integraci\u00f3n de cuerpo y mente.<\/p>\n","protected":false},"author":1,"featured_media":0,"parent":0,"menu_order":0,"comment_status":"closed","ping_status":"closed","template":"elementor_header_footer","meta":{"site-sidebar-layout":"no-sidebar","site-content-layout":"","ast-site-content-layout":"full-width-container","site-content-style":"default","site-sidebar-style":"default","ast-global-header-display":"","ast-banner-title-visibility":"","ast-main-header-display":"","ast-hfb-above-header-display":"","ast-hfb-below-header-display":"","ast-hfb-mobile-header-display":"","site-post-title":"","ast-breadcrumbs-content":"","ast-featured-img":"disabled","footer-sml-layout":"","theme-transparent-header-meta":"","adv-header-id-meta":"","stick-header-meta":"","header-above-stick-meta":"","header-main-stick-meta":"","header-below-stick-meta":"","astra-migrate-meta-layouts":"default","ast-page-background-enabled":"default","ast-page-background-meta":{"desktop":{"background-color":"var(--ast-global-color-5)","background-image":"","background-repeat":"repeat","background-position":"center center","background-size":"auto","background-attachment":"scroll","background-type":"","background-media":"","overlay-type":"","overlay-color":"","overlay-opacity":"","overlay-gradient":""},"tablet":{"background-color":"","background-image":"","background-repeat":"repeat","background-position":"center center","background-size":"auto","background-attachment":"scroll","background-type":"","background-media":"","overlay-type":"","overlay-color":"","overlay-opacity":"","overlay-gradient":""},"mobile":{"background-color":"","background-image":"","background-repeat":"repeat","background-position":"center center","background-size":"auto","background-attachment":"scroll","background-type":"","background-media":"","overlay-type":"","overlay-color":"","overlay-opacity":"","overlay-gradient":""}},"ast-content-background-meta":{"desktop":{"background-color":"var(--ast-global-color-4)","background-image":"","background-repeat":"repeat","background-position":"center center","background-size":"auto","background-attachment":"scroll","background-type":"","background-media":"","overlay-type":"","overlay-color":"","overlay-opacity":"","overlay-gradient":""},"tablet":{"background-color":"var(--ast-global-color-4)","background-image":"","background-repeat":"repeat","background-position":"center center","background-size":"auto","background-attachment":"scroll","background-type":"","background-media":"","overlay-type":"","overlay-color":"","overlay-opacity":"","overlay-gradient":""},"mobile":{"background-color":"var(--ast-global-color-4)","background-image":"","background-repeat":"repeat","background-position":"center center","background-size":"auto","background-attachment":"scroll","background-type":"","background-media":"","overlay-type":"","overlay-color":"","overlay-opacity":"","overlay-gradient":""}},"_joinchat":[],"footnotes":""},"class_list":["post-4608","page","type-page","status-publish","hentry"],"yoast_head":"<!-- This site is optimized with the Yoast SEO plugin v27.5 - https:\/\/yoast.com\/product\/yoast-seo-wordpress\/ -->\n<title>Quien soy - Salud Coaching<\/title>\n<meta name=\"description\" content=\"3 meses de coaching para adelgazar sin dietas, mejorar tu energ\u00eda, autoestima y h\u00e1bitos, logrando resultados sostenibles y naturales.\" \/>\n<meta name=\"robots\" content=\"index, follow, max-snippet:-1, max-image-preview:large, max-video-preview:-1\" \/>\n<link rel=\"canonical\" href=\"https:\/\/saludcoaching.com\/?page_id=4608\" \/>\n<meta property=\"og:locale\" content=\"es_ES\" \/>\n<meta property=\"og:type\" content=\"article\" \/>\n<meta property=\"og:title\" content=\"Quien soy - Salud Coaching\" \/>\n<meta property=\"og:description\" content=\"3 meses de coaching para adelgazar sin dietas, mejorar tu energ\u00eda, autoestima y h\u00e1bitos, logrando resultados sostenibles y naturales.\" \/>\n<meta property=\"og:url\" content=\"https:\/\/saludcoaching.com\/?page_id=4608\" \/>\n<meta property=\"og:site_name\" content=\"Salud Coaching\" \/>\n<meta property=\"article:modified_time\" content=\"2026-03-27T14:31:34+00:00\" \/>\n<meta property=\"og:image\" content=\"https:\/\/saludcoaching.com\/wp-content\/uploads\/2026\/02\/Coaching-online-4-1024x683.jpg\" \/>\n<meta name=\"twitter:card\" content=\"summary_large_image\" \/>\n<meta name=\"twitter:label1\" content=\"Tiempo de lectura\" \/>\n\t<meta name=\"twitter:data1\" content=\"2 minutos\" \/>\n<script type=\"application\/ld+json\" class=\"yoast-schema-graph\">{\"@context\":\"https:\\\/\\\/schema.org\",\"@graph\":[{\"@type\":\"WebPage\",\"@id\":\"https:\\\/\\\/saludcoaching.com\\\/?page_id=4608\",\"url\":\"https:\\\/\\\/saludcoaching.com\\\/?page_id=4608\",\"name\":\"Quien soy - Salud Coaching\",\"isPartOf\":{\"@id\":\"https:\\\/\\\/saludcoaching.com\\\/#website\"},\"primaryImageOfPage\":{\"@id\":\"https:\\\/\\\/saludcoaching.com\\\/?page_id=4608#primaryimage\"},\"image\":{\"@id\":\"https:\\\/\\\/saludcoaching.com\\\/?page_id=4608#primaryimage\"},\"thumbnailUrl\":\"https:\\\/\\\/saludcoaching.com\\\/wp-content\\\/uploads\\\/2026\\\/02\\\/Coaching-online-4-1024x683.jpg\",\"datePublished\":\"2022-02-27T12:25:53+00:00\",\"dateModified\":\"2026-03-27T14:31:34+00:00\",\"description\":\"3 meses de coaching para adelgazar sin dietas, mejorar tu energ\u00eda, autoestima y h\u00e1bitos, logrando resultados sostenibles y naturales.\",\"breadcrumb\":{\"@id\":\"https:\\\/\\\/saludcoaching.com\\\/?page_id=4608#breadcrumb\"},\"inLanguage\":\"es\",\"potentialAction\":[{\"@type\":\"ReadAction\",\"target\":[\"https:\\\/\\\/saludcoaching.com\\\/?page_id=4608\"]}]},{\"@type\":\"ImageObject\",\"inLanguage\":\"es\",\"@id\":\"https:\\\/\\\/saludcoaching.com\\\/?page_id=4608#primaryimage\",\"url\":\"https:\\\/\\\/saludcoaching.com\\\/wp-content\\\/uploads\\\/2026\\\/02\\\/Coaching-online-4.jpg\",\"contentUrl\":\"https:\\\/\\\/saludcoaching.com\\\/wp-content\\\/uploads\\\/2026\\\/02\\\/Coaching-online-4.jpg\",\"width\":1344,\"height\":896},{\"@type\":\"BreadcrumbList\",\"@id\":\"https:\\\/\\\/saludcoaching.com\\\/?page_id=4608#breadcrumb\",\"itemListElement\":[{\"@type\":\"ListItem\",\"position\":1,\"name\":\"Portada\",\"item\":\"https:\\\/\\\/saludcoaching.com\\\/\"},{\"@type\":\"ListItem\",\"position\":2,\"name\":\"Quien soy\"}]},{\"@type\":\"WebSite\",\"@id\":\"https:\\\/\\\/saludcoaching.com\\\/#website\",\"url\":\"https:\\\/\\\/saludcoaching.com\\\/\",\"name\":\"Salud Coaching\",\"description\":\"Coaching online en Espa\u00f1a, aprov\u00e9chate de las ofertas\",\"potentialAction\":[{\"@type\":\"SearchAction\",\"target\":{\"@type\":\"EntryPoint\",\"urlTemplate\":\"https:\\\/\\\/saludcoaching.com\\\/?s={search_term_string}\"},\"query-input\":{\"@type\":\"PropertyValueSpecification\",\"valueRequired\":true,\"valueName\":\"search_term_string\"}}],\"inLanguage\":\"es\"}]}<\/script>\n<!-- \/ Yoast SEO plugin. -->","yoast_head_json":{"title":"Quien soy - Salud Coaching","description":"3 meses de coaching para adelgazar sin dietas, mejorar tu energ\u00eda, autoestima y h\u00e1bitos, logrando resultados sostenibles y naturales.","robots":{"index":"index","follow":"follow","max-snippet":"max-snippet:-1","max-image-preview":"max-image-preview:large","max-video-preview":"max-video-preview:-1"},"canonical":"https:\/\/saludcoaching.com\/?page_id=4608","og_locale":"es_ES","og_type":"article","og_title":"Quien soy - Salud Coaching","og_description":"3 meses de coaching para adelgazar sin dietas, mejorar tu energ\u00eda, autoestima y h\u00e1bitos, logrando resultados sostenibles y naturales.","og_url":"https:\/\/saludcoaching.com\/?page_id=4608","og_site_name":"Salud Coaching","article_modified_time":"2026-03-27T14:31:34+00:00","og_image":[{"url":"https:\/\/saludcoaching.com\/wp-content\/uploads\/2026\/02\/Coaching-online-4-1024x683.jpg","type":"","width":"","height":""}],"twitter_card":"summary_large_image","twitter_misc":{"Tiempo de lectura":"2 minutos"},"schema":{"@context":"https:\/\/schema.org","@graph":[{"@type":"WebPage","@id":"https:\/\/saludcoaching.com\/?page_id=4608","url":"https:\/\/saludcoaching.com\/?page_id=4608","name":"Quien soy - Salud Coaching","isPartOf":{"@id":"https:\/\/saludcoaching.com\/#website"},"primaryImageOfPage":{"@id":"https:\/\/saludcoaching.com\/?page_id=4608#primaryimage"},"image":{"@id":"https:\/\/saludcoaching.com\/?page_id=4608#primaryimage"},"thumbnailUrl":"https:\/\/saludcoaching.com\/wp-content\/uploads\/2026\/02\/Coaching-online-4-1024x683.jpg","datePublished":"2022-02-27T12:25:53+00:00","dateModified":"2026-03-27T14:31:34+00:00","description":"3 meses de coaching para adelgazar sin dietas, mejorar tu energ\u00eda, autoestima y h\u00e1bitos, logrando resultados sostenibles y naturales.","breadcrumb":{"@id":"https:\/\/saludcoaching.com\/?page_id=4608#breadcrumb"},"inLanguage":"es","potentialAction":[{"@type":"ReadAction","target":["https:\/\/saludcoaching.com\/?page_id=4608"]}]},{"@type":"ImageObject","inLanguage":"es","@id":"https:\/\/saludcoaching.com\/?page_id=4608#primaryimage","url":"https:\/\/saludcoaching.com\/wp-content\/uploads\/2026\/02\/Coaching-online-4.jpg","contentUrl":"https:\/\/saludcoaching.com\/wp-content\/uploads\/2026\/02\/Coaching-online-4.jpg","width":1344,"height":896},{"@type":"BreadcrumbList","@id":"https:\/\/saludcoaching.com\/?page_id=4608#breadcrumb","itemListElement":[{"@type":"ListItem","position":1,"name":"Portada","item":"https:\/\/saludcoaching.com\/"},{"@type":"ListItem","position":2,"name":"Quien soy"}]},{"@type":"WebSite","@id":"https:\/\/saludcoaching.com\/#website","url":"https:\/\/saludcoaching.com\/","name":"Salud Coaching","description":"Coaching online en Espa\u00f1a, aprov\u00e9chate de las ofertas","potentialAction":[{"@type":"SearchAction","target":{"@type":"EntryPoint","urlTemplate":"https:\/\/saludcoaching.com\/?s={search_term_string}"},"query-input":{"@type":"PropertyValueSpecification","valueRequired":true,"valueName":"search_term_string"}}],"inLanguage":"es"}]}},"_links":{"self":[{"href":"https:\/\/saludcoaching.com\/index.php?rest_route=\/wp\/v2\/pages\/4608","targetHints":{"allow":["GET"]}}],"collection":[{"href":"https:\/\/saludcoaching.com\/index.php?rest_route=\/wp\/v2\/pages"}],"about":[{"href":"https:\/\/saludcoaching.com\/index.php?rest_route=\/wp\/v2\/types\/page"}],"author":[{"embeddable":true,"href":"https:\/\/saludcoaching.com\/index.php?rest_route=\/wp\/v2\/users\/1"}],"replies":[{"embeddable":true,"href":"https:\/\/saludcoaching.com\/index.php?rest_route=%2Fwp%2Fv2%2Fcomments&post=4608"}],"version-history":[{"count":7,"href":"https:\/\/saludcoaching.com\/index.php?rest_route=\/wp\/v2\/pages\/4608\/revisions"}],"predecessor-version":[{"id":4615,"href":"https:\/\/saludcoaching.com\/index.php?rest_route=\/wp\/v2\/pages\/4608\/revisions\/4615"}],"wp:attachment":[{"href":"https:\/\/saludcoaching.com\/index.php?rest_route=%2Fwp%2Fv2%2Fmedia&parent=4608"}],"curies":[{"name":"wp","href":"https:\/\/api.w.org\/{rel}","templated":true}]}}